{"id":8,"date":"2023-05-03T23:08:42","date_gmt":"2023-05-03T21:08:42","guid":{"rendered":"https:\/\/sb-konstruktiv.de\/?page_id=8"},"modified":"2023-05-05T23:38:59","modified_gmt":"2023-05-05T21:38:59","slug":"firmenprofil","status":"publish","type":"page","link":"https:\/\/www.sb-konstruktiv.de\/index.php\/stahlbau-konstruktiv-ihr-partner-fuer-hochwertige-stahlkonstruktionen\/firmenprofil\/","title":{"rendered":"Firmenprofil"},"content":{"rendered":"\n<p>StahlBau <em>Konstruktiv<\/em> ist ein Konstruktionsb\u00fcro im Stahlbau.<br>Wir konstruieren Normhallen, Industrieanlagen, Rohrbr\u00fccken, Technikzentralen, Vord\u00e4cher, Eingangsportale, Fluchtstege inkl. der Glasfassadenunterkonstruktion sowie individuelle Stahl-Sonderkonstruktionen in enger Abstimmung mit Bauherren, Statikern, Architekten und Bautr\u00e4gern.<\/p>\n\n\n\n<p>Sandra Bugner ist Technische Zeichnerin, hat einen Technikerabschluss im Maschinenbau und verf\u00fcgt \u00fcber eine mehr als 20 j\u00e4hrige Berufserfahrung im konstruktiven Stahlbau.<\/p>\n","protected":false},"excerpt":{"rendered":"<p>StahlBau Konstruktiv ist ein Konstruktionsb\u00fcro im Stahlbau.Wir konstruieren Normhallen, Industrieanlagen, Rohrbr\u00fccken, Technikzentralen, Vord\u00e4cher, Eingangsportale, Fluchtstege inkl. der Glasfassadenunterkonstruktion sowie individuelle Stahl-Sonderkonstruktionen in enger Abstimmung mit Bauherren, Statikern, Architekten und Bautr\u00e4gern. Sandra Bugner ist Technische Zeichnerin, hat einen Technikerabschluss im Maschinenbau und verf\u00fcgt \u00fcber eine mehr als 20 j\u00e4hrige Berufserfahrung im konstruktiven Stahlbau.<\/p>\n","protected":false},"author":1,"featured_media":0,"parent":10,"menu_order":0,"comment_status":"closed","ping_status":"closed","template":"","meta":{"footnotes":""},"class_list":["post-8","page","type-page","status-publish","hentry"],"_links":{"self":[{"href":"https:\/\/www.sb-konstruktiv.de\/index.php\/wp-json\/wp\/v2\/pages\/8","targetHints":{"allow":["GET"]}}],"collection":[{"href":"https:\/\/www.sb-konstruktiv.de\/index.php\/wp-json\/wp\/v2\/pages"}],"about":[{"href":"https:\/\/www.sb-konstruktiv.de\/index.php\/wp-json\/wp\/v2\/types\/page"}],"author":[{"embeddable":true,"href":"https:\/\/www.sb-konstruktiv.de\/index.php\/wp-json\/wp\/v2\/users\/1"}],"replies":[{"embeddable":true,"href":"https:\/\/www.sb-konstruktiv.de\/index.php\/wp-json\/wp\/v2\/comments?post=8"}],"version-history":[{"count":1,"href":"https:\/\/www.sb-konstruktiv.de\/index.php\/wp-json\/wp\/v2\/pages\/8\/revisions"}],"predecessor-version":[{"id":9,"href":"https:\/\/www.sb-konstruktiv.de\/index.php\/wp-json\/wp\/v2\/pages\/8\/revisions\/9"}],"up":[{"embeddable":true,"href":"https:\/\/www.sb-konstruktiv.de\/index.php\/wp-json\/wp\/v2\/pages\/10"}],"wp:attachment":[{"href":"https:\/\/www.sb-konstruktiv.de\/index.php\/wp-json\/wp\/v2\/media?parent=8"}],"curies":[{"name":"wp","href":"https:\/\/api.w.org\/{rel}","templated":true}]}}