{"id":10,"date":"2023-05-03T23:10:15","date_gmt":"2023-05-03T21:10:15","guid":{"rendered":"https:\/\/sb-konstruktiv.de\/?page_id=10"},"modified":"2023-05-05T22:07:27","modified_gmt":"2023-05-05T20:07:27","slug":"stahlbau-konstruktiv-ihr-partner-fuer-hochwertige-stahlkonstruktionen","status":"publish","type":"page","link":"https:\/\/www.sb-konstruktiv.de\/","title":{"rendered":"Ihr Partner f\u00fcr hochwertige Stahl-Konstruktionen"},"content":{"rendered":"\n<p><strong>S<\/strong>tahl<strong>B<\/strong>au <em>Konstruktiv<\/em> &#8211; gegr\u00fcndet von Sandra Bugner &#8211; hat am 01.06.2016 den Gesch\u00e4ftsbetrieb aufgenommen.<\/p>\n\n\n\n<p>Zuvor arbeitete Sandra Bugner \u00fcber 20 Jahre im Konstruktionsbereich f\u00fcr den Stahlhochbau- zuletzt in leitender Position. Sie betreut vom Standort Horrweiler bei Mainz ihre Kunden.<\/p>\n\n\n\n<p>Kontinuit\u00e4t und Qualit\u00e4t haben einen Namen: StahlBau <em>Konstruktiv<\/em>.<\/p>\n\n\n\n<p>Wir freuen uns auf eine erfolgreiche Zusammenarbeit!<\/p>\n\n\n\n<p>Ihre Sandra Bugner<br><strong>S<\/strong>tahl<strong>B<\/strong>au <em>Konstruktiv<\/em><\/p>\n","protected":false},"excerpt":{"rendered":"<p>StahlBau Konstruktiv &#8211; gegr\u00fcndet von Sandra Bugner &#8211; hat am 01.06.2016 den Gesch\u00e4ftsbetrieb aufgenommen. Zuvor arbeitete Sandra Bugner \u00fcber 20 Jahre im Konstruktionsbereich f\u00fcr den Stahlhochbau- zuletzt in leitender Position. Sie betreut vom Standort Horrweiler bei Mainz ihre Kunden. Kontinuit\u00e4t und Qualit\u00e4t haben einen Namen: StahlBau Konstruktiv. Wir freuen uns auf eine erfolgreiche Zusammenarbeit! Ihre &hellip; <a href=\"https:\/\/www.sb-konstruktiv.de\/\" class=\"more-link\"><span class=\"screen-reader-text\">\u201eIhr Partner f\u00fcr hochwertige Stahl-Konstruktionen\u201c <\/span>weiterlesen<\/a><\/p>\n","protected":false},"author":1,"featured_media":0,"parent":0,"menu_order":0,"comment_status":"closed","ping_status":"closed","template":"","meta":{"footnotes":""},"class_list":["post-10","page","type-page","status-publish","hentry"],"_links":{"self":[{"href":"https:\/\/www.sb-konstruktiv.de\/index.php\/wp-json\/wp\/v2\/pages\/10","targetHints":{"allow":["GET"]}}],"collection":[{"href":"https:\/\/www.sb-konstruktiv.de\/index.php\/wp-json\/wp\/v2\/pages"}],"about":[{"href":"https:\/\/www.sb-konstruktiv.de\/index.php\/wp-json\/wp\/v2\/types\/page"}],"author":[{"embeddable":true,"href":"https:\/\/www.sb-konstruktiv.de\/index.php\/wp-json\/wp\/v2\/users\/1"}],"replies":[{"embeddable":true,"href":"https:\/\/www.sb-konstruktiv.de\/index.php\/wp-json\/wp\/v2\/comments?post=10"}],"version-history":[{"count":1,"href":"https:\/\/www.sb-konstruktiv.de\/index.php\/wp-json\/wp\/v2\/pages\/10\/revisions"}],"predecessor-version":[{"id":11,"href":"https:\/\/www.sb-konstruktiv.de\/index.php\/wp-json\/wp\/v2\/pages\/10\/revisions\/11"}],"wp:attachment":[{"href":"https:\/\/www.sb-konstruktiv.de\/index.php\/wp-json\/wp\/v2\/media?parent=10"}],"curies":[{"name":"wp","href":"https:\/\/api.w.org\/{rel}","templated":true}]}}